{"id":964,"date":"2020-09-28T14:35:57","date_gmt":"2020-09-28T14:35:57","guid":{"rendered":"https:\/\/dmcrecruitment-original.refari.site\/?page_id=964"},"modified":"2022-01-28T00:32:18","modified_gmt":"2022-01-28T00:32:18","slug":"candidates","status":"publish","type":"page","link":"https:\/\/dmcrecruitment-original.refari.site\/fr\/candidates\/","title":{"rendered":"Candidates"},"content":{"rendered":"<div data-elementor-type=\"wp-page\" data-elementor-id=\"964\" class=\"elementor elementor-964\" data-elementor-post-type=\"page\">\n\t\t\t\t\t\t<section class=\"has_eae_slider elementor-section elementor-top-section elementor-element elementor-element-d7a11f1 elementor-section-boxed elementor-section-height-default elementor-section-height-default\" data-eae-slider=\"41260\" data-id=\"d7a11f1\" data-element_type=\"section\" data-settings=\"{&quot;background_background&quot;:&quot;classic&quot;,&quot;_ha_eqh_enable&quot;:false}\">\n\t\t\t\t\t\t\t<div class=\"elementor-background-overlay\"><\/div>\n\t\t\t\t\t\t\t<div class=\"elementor-container elementor-column-gap-default\">\n\t\t\t\t\t<div class=\"has_eae_slider elementor-column elementor-col-100 elementor-top-column elementor-element elementor-element-9dffaa3\" data-eae-slider=\"96174\" data-id=\"9dffaa3\" data-element_type=\"column\">\n\t\t\t<div class=\"elementor-widget-wrap elementor-element-populated\">\n\t\t\t\t\t\t<div class=\"elementor-element elementor-element-118570b elementor-widget elementor-widget-heading\" data-id=\"118570b\" data-element_type=\"widget\" data-widget_type=\"heading.default\">\n\t\t\t\t<div class=\"elementor-widget-container\">\n\t\t\t\t\t<h2 class=\"elementor-heading-title elementor-size-default\">Candidates<\/h2>\t\t\t\t<\/div>\n\t\t\t\t<\/div>\n\t\t\t\t\t<\/div>\n\t\t<\/div>\n\t\t\t\t\t<\/div>\n\t\t<\/section>\n\t\t\t\t<section class=\"has_eae_slider elementor-section elementor-top-section elementor-element elementor-element-abc473c elementor-section-boxed elementor-section-height-default elementor-section-height-default\" data-eae-slider=\"90481\" data-id=\"abc473c\" data-element_type=\"section\" data-settings=\"{&quot;_ha_eqh_enable&quot;:false}\">\n\t\t\t\t\t\t<div class=\"elementor-container elementor-column-gap-default\">\n\t\t\t\t\t<div class=\"has_eae_slider elementor-column elementor-col-100 elementor-top-column elementor-element elementor-element-c87b3c4\" data-eae-slider=\"67790\" data-id=\"c87b3c4\" data-element_type=\"column\">\n\t\t\t<div class=\"elementor-widget-wrap elementor-element-populated\">\n\t\t\t\t\t\t<div class=\"elementor-element elementor-element-88d4ddd elementor-widget elementor-widget-text-editor\" data-id=\"88d4ddd\" data-element_type=\"widget\" data-widget_type=\"text-editor.default\">\n\t\t\t\t<div class=\"elementor-widget-container\">\n\t\t\t\t\t\t\t\t\t<p>Nos services aux candidats\u00a0<\/p>\t\t\t\t\t\t\t\t<\/div>\n\t\t\t\t<\/div>\n\t\t\t\t<div class=\"elementor-element elementor-element-a6411d9 elementor-widget-divider--view-line elementor-widget elementor-widget-divider\" data-id=\"a6411d9\" data-element_type=\"widget\" data-widget_type=\"divider.default\">\n\t\t\t\t<div class=\"elementor-widget-container\">\n\t\t\t\t\t\t\t<div class=\"elementor-divider\">\n\t\t\t<span class=\"elementor-divider-separator\">\n\t\t\t\t\t\t<\/span>\n\t\t<\/div>\n\t\t\t\t\t\t<\/div>\n\t\t\t\t<\/div>\n\t\t\t\t<div class=\"elementor-element elementor-element-5431db1 elementor-widget elementor-widget-text-editor\" data-id=\"5431db1\" data-element_type=\"widget\" data-widget_type=\"text-editor.default\">\n\t\t\t\t<div class=\"elementor-widget-container\">\n\t\t\t\t\t\t\t\t\t<p style=\"text-align: left;\"><span style=\"font-size: 12pt;\">DMC Recrutement comprend qu'une relation authentique et honn\u00eate avec ses candidats est la base de la r\u00e9ussite d'une compagnie de recrutement. Nous nous engageons \u00e0 d\u00e9velopper des relations \u00e0 long terme avec nos candidats qui, au cours de leur carri\u00e8re, feront appel \u00e0 nos services lorsque n\u00e9cessaire.\u00a0<\/span><\/p><p style=\"text-align: left;\"><span style=\"font-size: 12pt;\">En tirant parti de la technologie pour am\u00e9liorer notre habilit\u00e9 de ressourcer les candidats id\u00e9aux et en g\u00e9rant les informations utiles et opportunes pour chaque candidat, nous avons \u00e9tabli deux solutions uniques pour le r\u00e9seau de candidats:<\/span><\/p><p style=\"text-align: left;\"><span style=\"font-size: 12pt;\"><span style=\"color: #0a4a4a; font-size: 18pt;\"><em><strong>Processus de r\u00e9f\u00e9rence bas\u00e9 sur la technologie<\/strong><\/em><\/span> Sur chacune de nos demandes d'emploi, vous trouverez l'option de r\u00e9f\u00e9rer un ami ou un coll\u00e8gue. Non seulement vous avez l'opportunit\u00e9 d'aider votre propre r\u00e9seau professionnel, mais vous avez aussi la chance de recevoir une r\u00e9compense. Notre technologie vous permet de traquer chaque \u00e9tape du processus vous gardant informer de leur succ\u00e8s. <\/span><\/p><p style=\"text-align: left;\"><span style=\"font-size: 12pt;\">Not only does this give you the opportunity to help your own business network, but it also gives you the chance to be rewarded for doing so. <\/span><span style=\"font-size: 12pt;\">Vous n'avez plus \u00e0 regarder les demandes d'emploi passivement. Maintenant, vous pouvez faire un impact direct sur votre entourage.\u00a0<\/span><\/p><p style=\"text-align: left;\"><span style=\"font-size: 12pt;\"><span style=\"color: #0a4a4a; font-size: 18pt;\"><em>Mise \u00e0 jour du profil des candidats en libre-service<\/em><\/span> Notre portail d'inscription qui se trouve sur notre page \"Contact\" permet aux candidats d'entretenir eux-m\u00eames leur profil en gardant leurs informations \u00e0 jour tel que leur statut, leur curriculum vitae, ainsi que les diff\u00e9rents r\u00f4les sp\u00e9cifiques qu'ils recherchent.\u00a0<\/span><\/p>\t\t\t\t\t\t\t\t<\/div>\n\t\t\t\t<\/div>\n\t\t\t\t\t<\/div>\n\t\t<\/div>\n\t\t\t\t\t<\/div>\n\t\t<\/section>\n\t\t\t\t<section class=\"has_eae_slider elementor-section elementor-top-section elementor-element elementor-element-a9df8db elementor-section-boxed elementor-section-height-default elementor-section-height-default elementor-invisible\" data-eae-slider=\"40132\" data-id=\"a9df8db\" data-element_type=\"section\" data-settings=\"{&quot;background_background&quot;:&quot;classic&quot;,&quot;animation&quot;:&quot;fadeInUp&quot;,&quot;_ha_eqh_enable&quot;:false}\">\n\t\t\t\t\t\t\t<div class=\"elementor-background-overlay\"><\/div>\n\t\t\t\t\t\t\t<div class=\"elementor-container elementor-column-gap-default\">\n\t\t\t\t\t<div class=\"has_eae_slider elementor-column elementor-col-100 elementor-top-column elementor-element elementor-element-26e6694\" data-eae-slider=\"47326\" data-id=\"26e6694\" data-element_type=\"column\">\n\t\t\t<div class=\"elementor-widget-wrap elementor-element-populated\">\n\t\t\t\t\t\t<div class=\"elementor-element elementor-element-f287cb0 elementor-widget elementor-widget-heading\" data-id=\"f287cb0\" data-element_type=\"widget\" data-widget_type=\"heading.default\">\n\t\t\t\t<div class=\"elementor-widget-container\">\n\t\t\t\t\t<h2 class=\"elementor-heading-title elementor-size-default\">How It Works<\/h2>\t\t\t\t<\/div>\n\t\t\t\t<\/div>\n\t\t\t\t<div class=\"elementor-element elementor-element-114df51 elementor-widget-divider--view-line elementor-widget elementor-widget-divider\" data-id=\"114df51\" data-element_type=\"widget\" data-widget_type=\"divider.default\">\n\t\t\t\t<div class=\"elementor-widget-container\">\n\t\t\t\t\t\t\t<div class=\"elementor-divider\">\n\t\t\t<span class=\"elementor-divider-separator\">\n\t\t\t\t\t\t<\/span>\n\t\t<\/div>\n\t\t\t\t\t\t<\/div>\n\t\t\t\t<\/div>\n\t\t\t\t<div class=\"elementor-element elementor-element-6bea30f elementor-widget elementor-widget-text-editor\" data-id=\"6bea30f\" data-element_type=\"widget\" data-widget_type=\"text-editor.default\">\n\t\t\t\t<div class=\"elementor-widget-container\">\n\t\t\t\t\t\t\t\t\t<p>Construit par les gens pour les gens. Activ\u00e9 par la technologie.\u00a0<\/p>\t\t\t\t\t\t\t\t<\/div>\n\t\t\t\t<\/div>\n\t\t\t\t<section class=\"has_eae_slider elementor-section elementor-inner-section elementor-element elementor-element-0e7d9c2 elementor-section-boxed elementor-section-height-default elementor-section-height-default\" data-eae-slider=\"54338\" data-id=\"0e7d9c2\" data-element_type=\"section\" data-settings=\"{&quot;_ha_eqh_enable&quot;:false}\">\n\t\t\t\t\t\t<div class=\"elementor-container elementor-column-gap-default\">\n\t\t\t\t\t<div data-wts-url=\"https:\/\/dmcrecruitment-original.refari.site\/contact\/?register\" data-wts-link=\"yes\" data-wts-new-window=\"\" class=\"has_eae_slider elementor-column elementor-col-33 elementor-inner-column elementor-element elementor-element-f6384f7 ae-link-yes\" data-eae-slider=\"42862\" data-id=\"f6384f7\" data-element_type=\"column\">\n\t\t\t<div class=\"elementor-widget-wrap elementor-element-populated\">\n\t\t\t\t\t\t<div class=\"elementor-element elementor-element-bd7324e elementor-widget elementor-widget-ha-step-flow happy-addon ha-step-flow\" data-id=\"bd7324e\" data-element_type=\"widget\" data-widget_type=\"ha-step-flow.default\">\n\t\t\t\t<div class=\"elementor-widget-container\">\n\t\t\t\t\t\n\t\t<div class=\"ha-steps-icon\">\n\t\t\t\n\t\t\t<svg class=\"e-font-icon-svg e-far-file\" viewbox=\"0 0 384 512\" xmlns=\"http:\/\/www.w3.org\/2000\/svg\"><path d=\"M369.9 97.9L286 14C277 5 264.8-.1 252.1-.1H48C21.5 0 0 21.5 0 48v416c0 26.5 21.5 48 48 48h288c26.5 0 48-21.5 48-48V131.9c0-12.7-5.1-25-14.1-34zM332.1 128H256V51.9l76.1 76.1zM48 464V48h160v104c0 13.3 10.7 24 24 24h104v288H48z\"><\/path><\/svg>\n\t\t\t\t\t\t\t<span class=\"ha-steps-label\">1<\/span>\n\t\t\t\t\t<\/div>\n\n\t\t<h2 class=\"ha-steps-title\">Enregistrement<\/h2>\n\t\t\t\t\t<p class=\"ha-step-description\">T\u00e9l\u00e9charger votre curriculum vitae, mettez en valeur vos comp\u00e9tences cl\u00e9s et dites-nous ce que vous recherchez. Le tout en utilisant notre portail des candidats. <\/p>\n\t\t\n\t\t\t\t\t\t<\/div>\n\t\t\t\t<\/div>\n\t\t\t\t\t<\/div>\n\t\t<\/div>\n\t\t\t\t<div data-wts-url=\"https:\/\/dmcrecruitment-original.refari.site\/jobs\/\" data-wts-link=\"yes\" data-wts-new-window=\"\" class=\"has_eae_slider elementor-column elementor-col-33 elementor-inner-column elementor-element elementor-element-7aca3f1 ae-link-yes\" data-eae-slider=\"70924\" data-id=\"7aca3f1\" data-element_type=\"column\">\n\t\t\t<div class=\"elementor-widget-wrap elementor-element-populated\">\n\t\t\t\t\t\t<div class=\"elementor-element elementor-element-e3a99c7 elementor-widget elementor-widget-ha-step-flow happy-addon ha-step-flow\" data-id=\"e3a99c7\" data-element_type=\"widget\" data-widget_type=\"ha-step-flow.default\">\n\t\t\t\t<div class=\"elementor-widget-container\">\n\t\t\t\t\t\n\t\t<div class=\"ha-steps-icon\">\n\t\t\t\n\t\t\t<svg class=\"e-font-icon-svg e-far-handshake\" viewbox=\"0 0 640 512\" xmlns=\"http:\/\/www.w3.org\/2000\/svg\"><path d=\"M519.2 127.9l-47.6-47.6A56.252 56.252 0 0 0 432 64H205.2c-14.8 0-29.1 5.9-39.6 16.3L118 127.9H0v255.7h64c17.6 0 31.8-14.2 31.9-31.7h9.1l84.6 76.4c30.9 25.1 73.8 25.7 105.6 3.8 12.5 10.8 26 15.9 41.1 15.9 18.2 0 35.3-7.4 48.8-24 22.1 8.7 48.2 2.6 64-16.8l26.2-32.3c5.6-6.9 9.1-14.8 10.9-23h57.9c.1 17.5 14.4 31.7 31.9 31.7h64V127.9H519.2zM48 351.6c-8.8 0-16-7.2-16-16s7.2-16 16-16 16 7.2 16 16c0 8.9-7.2 16-16 16zm390-6.9l-26.1 32.2c-2.8 3.4-7.8 4-11.3 1.2l-23.9-19.4-30 36.5c-6 7.3-15 4.8-18 2.4l-36.8-31.5-15.6 19.2c-13.9 17.1-39.2 19.7-55.3 6.6l-97.3-88H96V175.8h41.9l61.7-61.6c2-.8 3.7-1.5 5.7-2.3H262l-38.7 35.5c-29.4 26.9-31.1 72.3-4.4 101.3 14.8 16.2 61.2 41.2 101.5 4.4l8.2-7.5 108.2 87.8c3.4 2.8 3.9 7.9 1.2 11.3zm106-40.8h-69.2c-2.3-2.8-4.9-5.4-7.7-7.7l-102.7-83.4 12.5-11.4c6.5-6 7-16.1 1-22.6L367 167.1c-6-6.5-16.1-6.9-22.6-1l-55.2 50.6c-9.5 8.7-25.7 9.4-34.6 0-9.3-9.9-8.5-25.1 1.2-33.9l65.6-60.1c7.4-6.8 17-10.5 27-10.5l83.7-.2c2.1 0 4.1.8 5.5 2.3l61.7 61.6H544v128zm48 47.7c-8.8 0-16-7.2-16-16s7.2-16 16-16 16 7.2 16 16c0 8.9-7.2 16-16 16z\"><\/path><\/svg>\n\t\t\t\t\t\t\t<span class=\"ha-steps-label\">2<\/span>\n\t\t\t\t\t<\/div>\n\n\t\t<h2 class=\"ha-steps-title\">Appliquez pour un emploi <\/h2>\n\t\t\t\t\t<p class=\"ha-step-description\">Recherchez et appliquez instantan\u00e9ment sur des emplois appropri\u00e9s en utilisant notre tableau d'emploi interactif.  <\/p>\n\t\t\n\t\t\t\t\t\t<\/div>\n\t\t\t\t<\/div>\n\t\t\t\t\t<\/div>\n\t\t<\/div>\n\t\t\t\t<div data-wts-url=\"https:\/\/dmcrecruitment-original.refari.site\/jobs\/?referFriend\" data-wts-link=\"yes\" data-wts-new-window=\"\" class=\"has_eae_slider elementor-column elementor-col-33 elementor-inner-column elementor-element elementor-element-4b5442a ae-link-yes\" data-eae-slider=\"35295\" data-id=\"4b5442a\" data-element_type=\"column\">\n\t\t\t<div class=\"elementor-widget-wrap elementor-element-populated\">\n\t\t\t\t\t\t<div class=\"elementor-element elementor-element-08b718e elementor-widget elementor-widget-ha-step-flow happy-addon ha-step-flow\" data-id=\"08b718e\" data-element_type=\"widget\" data-widget_type=\"ha-step-flow.default\">\n\t\t\t\t<div class=\"elementor-widget-container\">\n\t\t\t\t\t\n\t\t<div class=\"ha-steps-icon\">\n\t\t\t\n\t\t\t<svg class=\"e-font-icon-svg e-fas-user-friends\" viewbox=\"0 0 640 512\" xmlns=\"http:\/\/www.w3.org\/2000\/svg\"><path d=\"M192 256c61.9 0 112-50.1 112-112S253.9 32 192 32 80 82.1 80 144s50.1 112 112 112zm76.8 32h-8.3c-20.8 10-43.9 16-68.5 16s-47.6-6-68.5-16h-8.3C51.6 288 0 339.6 0 403.2V432c0 26.5 21.5 48 48 48h288c26.5 0 48-21.5 48-48v-28.8c0-63.6-51.6-115.2-115.2-115.2zM480 256c53 0 96-43 96-96s-43-96-96-96-96 43-96 96 43 96 96 96zm48 32h-3.8c-13.9 4.8-28.6 8-44.2 8s-30.3-3.2-44.2-8H432c-20.4 0-39.2 5.9-55.7 15.4 24.4 26.3 39.7 61.2 39.7 99.8v38.4c0 2.2-.5 4.3-.6 6.4H592c26.5 0 48-21.5 48-48 0-61.9-50.1-112-112-112z\"><\/path><\/svg>\n\t\t\t\t\t\t\t<span class=\"ha-steps-label\">3<\/span>\n\t\t\t\t\t<\/div>\n\n\t\t<h2 class=\"ha-steps-title\">R\u00e9f\u00e9rez un ami <\/h2>\n\t\t\t\t\t<p class=\"ha-step-description\">Use our technology-enabled referral program to refer colleagues and friends and get rewarded for helping your network.  <\/p>\n\t\t\n\t\t\t\t\t\t<\/div>\n\t\t\t\t<\/div>\n\t\t\t\t\t<\/div>\n\t\t<\/div>\n\t\t\t\t\t<\/div>\n\t\t<\/section>\n\t\t\t\t\t<\/div>\n\t\t<\/div>\n\t\t\t\t\t<\/div>\n\t\t<\/section>\n\t\t\t\t<\/div>","protected":false},"excerpt":{"rendered":"<p>Candidates OUR CANDIDATE SERVICES DMC Recruitment understands that genuine, honest relationships with candidates are at the heart of any successful recruitment business. We are committed to developing long term relationships with candidates who, over the course of their career, will come back to us time and again. Leveraging technology to improve our ability to source [&hellip;]<\/p>","protected":false},"author":2,"featured_media":0,"parent":0,"menu_order":0,"comment_status":"closed","ping_status":"closed","template":"elementor_header_footer","meta":{"footnotes":""},"class_list":["post-964","page","type-page","status-publish","hentry"],"_links":{"self":[{"href":"https:\/\/dmcrecruitment-original.refari.site\/fr\/wp-json\/wp\/v2\/pages\/964","targetHints":{"allow":["GET"]}}],"collection":[{"href":"https:\/\/dmcrecruitment-original.refari.site\/fr\/wp-json\/wp\/v2\/pages"}],"about":[{"href":"https:\/\/dmcrecruitment-original.refari.site\/fr\/wp-json\/wp\/v2\/types\/page"}],"author":[{"embeddable":true,"href":"https:\/\/dmcrecruitment-original.refari.site\/fr\/wp-json\/wp\/v2\/users\/2"}],"replies":[{"embeddable":true,"href":"https:\/\/dmcrecruitment-original.refari.site\/fr\/wp-json\/wp\/v2\/comments?post=964"}],"version-history":[{"count":30,"href":"https:\/\/dmcrecruitment-original.refari.site\/fr\/wp-json\/wp\/v2\/pages\/964\/revisions"}],"predecessor-version":[{"id":4004,"href":"https:\/\/dmcrecruitment-original.refari.site\/fr\/wp-json\/wp\/v2\/pages\/964\/revisions\/4004"}],"wp:attachment":[{"href":"https:\/\/dmcrecruitment-original.refari.site\/fr\/wp-json\/wp\/v2\/media?parent=964"}],"curies":[{"name":"wp","href":"https:\/\/api.w.org\/{rel}","templated":true}]}}