{"id":377,"date":"2020-09-23T11:52:48","date_gmt":"2020-09-23T11:52:48","guid":{"rendered":"https:\/\/dmcrecruitment-original.refari.site\/?page_id=377"},"modified":"2022-11-22T14:56:19","modified_gmt":"2022-11-22T14:56:19","slug":"about-us","status":"publish","type":"page","link":"https:\/\/dmcrecruitment-original.refari.site\/fr\/about-us\/","title":{"rendered":"About Us"},"content":{"rendered":"<div data-elementor-type=\"wp-page\" data-elementor-id=\"377\" class=\"elementor elementor-377\" data-elementor-post-type=\"page\">\n\t\t\t\t\t\t<section class=\"has_eae_slider elementor-section elementor-top-section elementor-element elementor-element-826bf4c elementor-section-boxed elementor-section-height-default elementor-section-height-default\" data-eae-slider=\"66286\" data-id=\"826bf4c\" data-element_type=\"section\" data-settings=\"{&quot;background_background&quot;:&quot;classic&quot;,&quot;_ha_eqh_enable&quot;:false}\">\n\t\t\t\t\t\t\t<div class=\"elementor-background-overlay\"><\/div>\n\t\t\t\t\t\t\t<div class=\"elementor-container elementor-column-gap-default\">\n\t\t\t\t\t<div class=\"has_eae_slider elementor-column elementor-col-100 elementor-top-column elementor-element elementor-element-d702813\" data-eae-slider=\"25914\" data-id=\"d702813\" data-element_type=\"column\">\n\t\t\t<div class=\"elementor-widget-wrap elementor-element-populated\">\n\t\t\t\t\t\t<div class=\"elementor-element elementor-element-c089dbb elementor-widget elementor-widget-heading\" data-id=\"c089dbb\" data-element_type=\"widget\" data-widget_type=\"heading.default\">\n\t\t\t\t<div class=\"elementor-widget-container\">\n\t\t\t\t\t<h2 class=\"elementor-heading-title elementor-size-default\">About Us<\/h2>\t\t\t\t<\/div>\n\t\t\t\t<\/div>\n\t\t\t\t\t<\/div>\n\t\t<\/div>\n\t\t\t\t\t<\/div>\n\t\t<\/section>\n\t\t\t\t<section class=\"has_eae_slider elementor-section elementor-top-section elementor-element elementor-element-f6a79b3 elementor-section-boxed elementor-section-height-default elementor-section-height-default\" data-eae-slider=\"74188\" data-id=\"f6a79b3\" data-element_type=\"section\" data-settings=\"{&quot;_ha_eqh_enable&quot;:false}\">\n\t\t\t\t\t\t<div class=\"elementor-container elementor-column-gap-default\">\n\t\t\t\t\t<div class=\"has_eae_slider elementor-column elementor-col-100 elementor-top-column elementor-element elementor-element-e48d46a\" data-eae-slider=\"23799\" data-id=\"e48d46a\" data-element_type=\"column\">\n\t\t\t<div class=\"elementor-widget-wrap elementor-element-populated\">\n\t\t\t\t\t\t<div class=\"elementor-element elementor-element-4239836 elementor-widget elementor-widget-heading\" data-id=\"4239836\" data-element_type=\"widget\" data-widget_type=\"heading.default\">\n\t\t\t\t<div class=\"elementor-widget-container\">\n\t\t\t\t\t<h2 class=\"elementor-heading-title elementor-size-default\">Pr\u00e9senter des talents \u00e0 la cha\u00eene d\u2019approvisionnement en construction<\/h2>\t\t\t\t<\/div>\n\t\t\t\t<\/div>\n\t\t\t\t<div class=\"elementor-element elementor-element-32337f9 elementor-widget-divider--view-line elementor-widget elementor-widget-divider\" data-id=\"32337f9\" data-element_type=\"widget\" data-widget_type=\"divider.default\">\n\t\t\t\t<div class=\"elementor-widget-container\">\n\t\t\t\t\t\t\t<div class=\"elementor-divider\">\n\t\t\t<span class=\"elementor-divider-separator\">\n\t\t\t\t\t\t<\/span>\n\t\t<\/div>\n\t\t\t\t\t\t<\/div>\n\t\t\t\t<\/div>\n\t\t\t\t<div class=\"elementor-element elementor-element-efcd378 elementor-widget elementor-widget-text-editor\" data-id=\"efcd378\" data-element_type=\"widget\" data-widget_type=\"text-editor.default\">\n\t\t\t\t<div class=\"elementor-widget-container\">\n\t\t\t\t\t\t\t\t\t<p style=\"text-align: center;\"><span style=\"font-size: 18pt;\"><strong><span style=\"color: #000000; font-size: 24pt;\">D<\/span>esign-<span style=\"color: #000000;font-size: 24pt;\">M<\/span>aterials-<span style=\"color: #000000;font-size: 24pt;\">C<\/span>onstruction <\/strong><\/span><\/p>\n<p style=\"text-align: left;\"><span style=\"font-size: 12pt;\">DMC Recrutement a \u00e9t\u00e9 cr\u00e9\u00e9 pour r\u00e9pondre aux besoins uniques de la cha\u00eene d'approvisionnement de la construction; l'architecture, le design, les mat\u00e9riaux de construction. Contrairement aux autres agences, DMC reconnait que l'industrie du b\u00e2timent est particuli\u00e8rement inter-reli\u00e9e par diff\u00e9rents facteurs uniques au domaine tels que les horaires saisonniers et certains facteurs externes. C'est pourquoi nous offrons une compr\u00e9hension accrue des besoins sp\u00e9cifiques de ce segment de notre \u00e9conomie. <strong>D<\/strong>esign, to Building <strong>M<\/strong>aterials, and through to <strong>C<\/strong>onstruction. <\/span><span style=\"font-size: 12pt;\">Distinct from other agencies, DMC recognizes that the building industry ebbs and flows according to unique market conditions, seasonal schedules, and external factors, and offers an established understanding of the specific needs of this segment of the economy.<\/span><\/p>\n<p style=\"text-align: left;\"><span style=\"font-size: 12pt;\">DMC utilise des technologies dernier cri tout en b\u00e9n\u00e9ficiant d\u2019une connaissance et d\u2019une exp\u00e9rience de la vieille \u00e9cole. Nous savons livrer des solutions de recherche personnalis\u00e9es ce qui nous d\u00e9marque dans l'industrie de l'architecture, du design et des mat\u00e9riaux de construction. <\/span><span style=\"font-size: 12pt;\">\u00a0<\/span><\/p>\n<p style=\"text-align: left;\"><span style=\"font-size: 12pt;\">Avec notre succ\u00e8s et nos bilan records, DMC est l'agence sans \u00e9gal en Am\u00e9rique du Nord qui a su \u00e9lever la barre du recrutement dans notre industrie.\u00a0<\/span><\/p>\n<p style=\"text-align: left;\">DMC est reconnue pour aller au-del\u00e0 des attentes et pour trouver les meilleures solutions pour votre compagnie. Nos recruteurs sont sp\u00e9cialis\u00e9s dans l'industrie de la construction et utilisent des bases de donn\u00e9es tierces, des r\u00e9seaux d\u00e9j\u00e0 bien \u00e9tablis dans l'industrie et des outils de recherche comprenant l'intelligence artificielle pour offrir un syst\u00e8me de r\u00e9f\u00e9rence ax\u00e9 sur la technologie. DMC offre aussi de la publicit\u00e9 faite sur mesure, une narration personnalis\u00e9e et une garantie de soutien de douze mois en ce qui concerne la pertinence du candidat ; la plus grande garantie offerte sur le march\u00e9! Notre r\u00e9putation est construite sur notre succ\u00e8s alors nous approchons chaque mandat avec empressement et d\u00e9termination.<em>\u00a0<\/em>goes above and beyond to find the best solution for your company. Our industry-specific recruiters use third-party databases, existing industry networks, and AI-powered search tools to offer technology-led referral systems. DMC also offers tailor-made advertising, curated storytelling, and a guarantee up to 12 months from start date to ensure a candidate\u2019s suitability\u2014the longest candidate success guarantee in the market! Our reputation is built on our success so we approach each assignment with urgency and determination.<\/p>\t\t\t\t\t\t\t\t<\/div>\n\t\t\t\t<\/div>\n\t\t\t\t<div class=\"elementor-element elementor-element-c1f055d elementor-widget elementor-widget-menu-anchor\" data-id=\"c1f055d\" data-element_type=\"widget\" data-widget_type=\"menu-anchor.default\">\n\t\t\t\t<div class=\"elementor-widget-container\">\n\t\t\t\t\t\t\t<div class=\"elementor-menu-anchor\" id=\"meettheteam\"><\/div>\n\t\t\t\t\t\t<\/div>\n\t\t\t\t<\/div>\n\t\t\t\t\t<\/div>\n\t\t<\/div>\n\t\t\t\t\t<\/div>\n\t\t<\/section>\n\t\t\t\t<section class=\"has_eae_slider elementor-section elementor-top-section elementor-element elementor-element-22e9123 elementor-section-boxed elementor-section-height-default elementor-section-height-default\" data-eae-slider=\"3460\" data-id=\"22e9123\" data-element_type=\"section\" data-settings=\"{&quot;background_background&quot;:&quot;classic&quot;,&quot;_ha_eqh_enable&quot;:false}\">\n\t\t\t\t\t\t<div class=\"elementor-container elementor-column-gap-default\">\n\t\t\t\t\t<div class=\"has_eae_slider elementor-column elementor-col-100 elementor-top-column elementor-element elementor-element-1145a7f\" data-eae-slider=\"92159\" data-id=\"1145a7f\" data-element_type=\"column\">\n\t\t\t<div class=\"elementor-widget-wrap elementor-element-populated\">\n\t\t\t\t\t\t<div class=\"elementor-element elementor-element-c056ac6 elementor-widget elementor-widget-heading\" data-id=\"c056ac6\" data-element_type=\"widget\" data-widget_type=\"heading.default\">\n\t\t\t\t<div class=\"elementor-widget-container\">\n\t\t\t\t\t<h2 class=\"elementor-heading-title elementor-size-default\">MEET OUR TEAM<\/h2>\t\t\t\t<\/div>\n\t\t\t\t<\/div>\n\t\t\t\t<div class=\"elementor-element elementor-element-64a9c1c elementor-widget-divider--view-line elementor-widget elementor-widget-divider\" data-id=\"64a9c1c\" data-element_type=\"widget\" data-widget_type=\"divider.default\">\n\t\t\t\t<div class=\"elementor-widget-container\">\n\t\t\t\t\t\t\t<div class=\"elementor-divider\">\n\t\t\t<span class=\"elementor-divider-separator\">\n\t\t\t\t\t\t<\/span>\n\t\t<\/div>\n\t\t\t\t\t\t<\/div>\n\t\t\t\t<\/div>\n\t\t\t\t\t<\/div>\n\t\t<\/div>\n\t\t\t\t\t<\/div>\n\t\t<\/section>\n\t\t\t\t<section class=\"has_eae_slider elementor-section elementor-top-section elementor-element elementor-element-c42830c elementor-section-full_width elementor-section-height-default elementor-section-height-default\" data-eae-slider=\"79922\" data-id=\"c42830c\" data-element_type=\"section\" data-settings=\"{&quot;background_background&quot;:&quot;classic&quot;,&quot;_ha_eqh_enable&quot;:false}\">\n\t\t\t\t\t\t<div class=\"elementor-container elementor-column-gap-default\">\n\t\t\t\t\t<div class=\"has_eae_slider elementor-column elementor-col-100 elementor-top-column elementor-element elementor-element-3112ede\" data-eae-slider=\"51027\" data-id=\"3112ede\" data-element_type=\"column\">\n\t\t\t<div class=\"elementor-widget-wrap elementor-element-populated\">\n\t\t\t\t\t\t<div class=\"elementor-element elementor-element-e1763a2 elementor-widget__width-inherit elementor-widget-mobile__width-initial elementor-widget elementor-widget-html\" data-id=\"e1763a2\" data-element_type=\"widget\" data-widget_type=\"html.default\">\n\t\t\t\t<div class=\"elementor-widget-container\">\n\t\t\t\t\t<script src=\"https:\/\/widget.refari.co\/static\/widgets.js\" data-cfasync=\"false\" data-optimized=\"0\" data-no-optimize=\"1\"><\/script>\r\n<div id=\"refWidget\"><noscript>You need to enable JavaScript to run this application.<\/noscript><\/div>\r\n<script>\r\n  window.refari.load('RefariWidget', function(widget, additionalData) {\r\n    widget({\r\n        node: document.getElementById(\"refWidget\"),       \/\/ 1. widget container element\r\n        apiKey: \"8990d46264501096c7a100ca48db353a1c20cde9\",    \/\/ 2. agency's unique public API key         \r\n        \/\/ aboutPageUrl: \"https:\/\/example.com\/about\/\",       \/\/ 3. initialize widget with current property to form absolute link to About page\r\n        defaultPage: 'about',                             \/\/ 4. set default page 'about' for 'Job Board' widget\r\n        themePalette: {                                   \/\/ 5. theme customizations\r\n            primary1Color: \"\",\r\n            textColorContent: \"\",\r\n            iconColor: \"\",\r\n            headingColor: \"\",\r\n            textColorCategories: \"\",\r\n            referralRewardColor: \"\",\r\n            primary1ColorSocialize: \"\",\r\n            textColorSocialize: \"\",\r\n            widgetBackgroundColor: \"\",\r\n            widgetTileBackgroundColor: \"\",\r\n            backgroundMeetTheTeamColor: \"\",\r\n            actionButton1TextColor: \"\",\r\n            actionButton1BackgroundColor: \"\",\r\n            actionButton1HoverColor: \"\",\r\n            actionButton2TextColor: \"\",\r\n            actionButton2BackgroundColor: \"\",\r\n            actionButton2HoverColor: \"\",\r\n            saveIconColor: \"\",\r\n            linkIconColor: \"\"\r\n        },\r\n        fixedHeader: '#header',                           \/\/ 6. optional, selector of fixed header\r\n        elements: {                                       \/\/ 7. [optional] elements customizations\r\n          buttonBorderRadius: 2,                            \/\/ Number or String (2 or '2px' or '2%')\r\n          tileBorderRadius: 0,                              \/\/ Number (2)\r\n          profileBorderRadius: 0                            \/\/ Number or String (50 or '50px' or '50%')\r\n        },\r\n        optionalFields: [ 'email', 'phone', 'linkedin'],  \/\/ 8. [optional] fields, by default shows additional info about consultant\r\n        consultant: null,                                 \/\/ 9. [optional] quantity consultant that will be displayed\r\n        tags: [\"\"],                                       \/\/ 10. [optional] field, ability to filter recruiters by tags on About page\r\n        showJobsInGridMode: true,                         \/\/ 11. [required] field, ability to change from List view to Grid view by default need to set false\r\n        profileMarginSeparator: '0 10px 20px',            \/\/ 12. [optional] field, add additional margin space for Meet the Team page, example '2px' or '2%'\r\n        widgetTitle: false,                               \/\/ 13. [optional] field, by default Title equal false if need show default text replace false on true, for show private text pass your text in this param\r\n        showTags: true,                                   \/\/ 14. [optional] field, by default showTags equal true, can pass next props true: for showing tags and false for hiding tags\r\n        meetTheTeamDesign: 2,                             \/\/ 15. [optional] field, change display Meet the team widget (Possible values : 1 for default layout and 2 for square layout)\r\n        displayYou: true,                                 \/\/ 16. [optional] field, by default displayYou equals to true, it will be used to show 'You' block in the widget or not when default page is about page\r\n        tileWidth: null,                                  \/\/ 17. [optional] field, by default tile width equals to 288 (Min value : 208, Max value : 408) (only works when default page is about page)\r\n        itemInARow: 4,                                 \/\/ 18. [optional] number of consultants in a single row to display. Default - 3. Available values - 1,2,3,4\r\n        enableSlider: true,                               \/\/ 19. [optional] Show all the consultants in a slider or not (By default false)\r\n        showPagination: true,                             \/\/ 20. [optional] will show pagination dots by default use true\r\n        paginationStyle: 1,                               \/\/ 21. [optional] will show pagination arrow for value 1 and pagination dots for value 2 (by default use 1)\r\n        overflowRight: true,                              \/\/ 22. [optional] will show one overflow job on right side if set to true (by default use false) \r\n        overflowLeft: true,                               \/\/ 23. [optional] will show one overflow job on left side if set to true (by default use false) \r\n        overflowFade: true,                               \/\/ 24. [optional] will show overflow fade behaviour on both horizontal sides (by default use false) \r\n        autoRotate: true,                                 \/\/ 25. [optional] will auto rotate the job slider (by default use false)\r\n        autoRotateTimer: 5000,                            \/\/ 26. [optional] will add auto rotate timer in milliseconds - (by default use 5000)\r\n        \/\/ categoryTileColor: [{486: '#ff0000'}, { 490: '#fff000' }],      \/\/ 27. [optional] field, add a tile color according to category ids, it accepts an array [{ 'category id':  color code }]\r\n        \/\/ filterTileColor: false,                        \/\/ 28. [optional] field, unable category tile color on filters\r\n        \/\/ offsetTop: [{360: 30}, { 991: 50 }],           \/\/ 29. [optional] field, add a top offset accept an array [{ 'screen width':  offset }]\r\n        \/\/ baseUrl: ''                                    \/\/ 30. [required] field, set up widget base url\r\n    });\r\n  });\r\n<\/script>\t\t\t\t<\/div>\n\t\t\t\t<\/div>\n\t\t\t\t\t<\/div>\n\t\t<\/div>\n\t\t\t\t\t<\/div>\n\t\t<\/section>\n\t\t\t\t<section class=\"has_eae_slider elementor-section elementor-top-section elementor-element elementor-element-7fb9760 elementor-section-boxed elementor-section-height-default elementor-section-height-default\" data-eae-slider=\"88795\" data-id=\"7fb9760\" data-element_type=\"section\" data-settings=\"{&quot;background_background&quot;:&quot;classic&quot;,&quot;_ha_eqh_enable&quot;:false}\">\n\t\t\t\t\t\t<div class=\"elementor-container elementor-column-gap-default\">\n\t\t\t\t\t<div class=\"has_eae_slider elementor-column elementor-col-100 elementor-top-column elementor-element elementor-element-625fae9\" data-eae-slider=\"68572\" data-id=\"625fae9\" data-element_type=\"column\">\n\t\t\t<div class=\"elementor-widget-wrap elementor-element-populated\">\n\t\t\t\t\t\t<div class=\"elementor-element elementor-element-e72debf elementor-widget elementor-widget-heading\" data-id=\"e72debf\" data-element_type=\"widget\" data-widget_type=\"heading.default\">\n\t\t\t\t<div class=\"elementor-widget-container\">\n\t\t\t\t\t<h2 class=\"elementor-heading-title elementor-size-default\">Servicing the North American construction supply chain; delivering customized Recruitment solutions for the Design &amp; Architecture, Building Materials and Construction industries. \n<\/h2>\t\t\t\t<\/div>\n\t\t\t\t<\/div>\n\t\t\t\t<div class=\"elementor-element elementor-element-a064024 elementor-widget-divider--view-line elementor-widget elementor-widget-divider\" data-id=\"a064024\" data-element_type=\"widget\" data-widget_type=\"divider.default\">\n\t\t\t\t<div class=\"elementor-widget-container\">\n\t\t\t\t\t\t\t<div class=\"elementor-divider\">\n\t\t\t<span class=\"elementor-divider-separator\">\n\t\t\t\t\t\t<\/span>\n\t\t<\/div>\n\t\t\t\t\t\t<\/div>\n\t\t\t\t<\/div>\n\t\t\t\t\t<\/div>\n\t\t<\/div>\n\t\t\t\t\t<\/div>\n\t\t<\/section>\n\t\t\t\t<\/div>","protected":false},"excerpt":{"rendered":"<p>About Us Providing talent to the construction supply chain Design-Materials-Construction DMC Recruitment Group was established to address the unique needs of the construction supply chain from Architecture and Design, to Building Materials, and through to Construction. Distinct from other agencies, DMC recognizes that the building industry ebbs and flows according to unique market conditions, seasonal [&hellip;]<\/p>","protected":false},"author":2,"featured_media":0,"parent":0,"menu_order":0,"comment_status":"closed","ping_status":"closed","template":"elementor_header_footer","meta":{"footnotes":""},"class_list":["post-377","page","type-page","status-publish","hentry"],"_links":{"self":[{"href":"https:\/\/dmcrecruitment-original.refari.site\/fr\/wp-json\/wp\/v2\/pages\/377","targetHints":{"allow":["GET"]}}],"collection":[{"href":"https:\/\/dmcrecruitment-original.refari.site\/fr\/wp-json\/wp\/v2\/pages"}],"about":[{"href":"https:\/\/dmcrecruitment-original.refari.site\/fr\/wp-json\/wp\/v2\/types\/page"}],"author":[{"embeddable":true,"href":"https:\/\/dmcrecruitment-original.refari.site\/fr\/wp-json\/wp\/v2\/users\/2"}],"replies":[{"embeddable":true,"href":"https:\/\/dmcrecruitment-original.refari.site\/fr\/wp-json\/wp\/v2\/comments?post=377"}],"version-history":[{"count":30,"href":"https:\/\/dmcrecruitment-original.refari.site\/fr\/wp-json\/wp\/v2\/pages\/377\/revisions"}],"predecessor-version":[{"id":5474,"href":"https:\/\/dmcrecruitment-original.refari.site\/fr\/wp-json\/wp\/v2\/pages\/377\/revisions\/5474"}],"wp:attachment":[{"href":"https:\/\/dmcrecruitment-original.refari.site\/fr\/wp-json\/wp\/v2\/media?parent=377"}],"curies":[{"name":"wp","href":"https:\/\/api.w.org\/{rel}","templated":true}]}}